{"id":2,"date":"2025-05-28T21:49:23","date_gmt":"2025-05-28T21:49:23","guid":{"rendered":"https:\/\/etzem.cl\/?page_id=2"},"modified":"2025-06-13T07:17:08","modified_gmt":"2025-06-13T07:17:08","slug":"sample-page","status":"publish","type":"page","link":"https:\/\/etzem.cl\/index.php\/sample-page\/","title":{"rendered":"M\u00fasica"},"content":{"rendered":"\n<div class=\"wp-block-cover alignfull has-parallax wp-duotone-dark-grayscale\" style=\"margin-top:0;padding-top:48px;padding-right:48px;padding-bottom:48px;padding-left:48px;min-height:66vh;aspect-ratio:unset;\"><div class=\"wp-block-cover__image-background wp-image-464 size-full has-parallax\" style=\"background-position:50% 50%;background-image:url(https:\/\/etzem.cl\/wp-content\/uploads\/2025\/06\/estudio.jpg)\"><\/div><span aria-hidden=\"true\" class=\"wp-block-cover__background has-background-dim-30 has-background-dim\" style=\"background-color:#34281c\"><\/span><div class=\"wp-block-cover__inner-container is-layout-flow wp-block-cover-is-layout-flow\">\n<div data-aos= \"fade\" data-aos-duration=\"400\" data-aos-delay=\"0\" data-aos-easing=\"ease\" data-aos-once=\"true\" class=\"wp-block-uagb-info-box uagb-block-8b0291fa uagb-infobox__content-wrap  uagb-infobox-icon-above-title uagb-infobox-image-valign-top\"><div class=\"uagb-ifb-content\"><div class=\"uagb-ifb-title-wrap\"><h3 class=\"uagb-ifb-title\">Nuestra Filosof\u00eda Sonora<\/h3><\/div><p class=\"uagb-ifb-desc\">\u00abEn DPR, cada sonido es una decisi\u00f3n visual, emocional y narrativa. Trabajamos desde la libertad creativa total, donde el arte no se encasilla, sino que se expande. Creemos en la fusi\u00f3n de g\u00e9neros, culturas y estilos para crear experiencias que trascienden lo convencional.\u00bb<br><\/p><\/div><\/div>\n<\/div><\/div>\n\n\n\n<hr class=\"wp-block-separator has-text-color has-zeever-third-color has-alpha-channel-opacity has-zeever-third-background-color has-background is-style-dots\" style=\"margin-top:var(--wp--preset--spacing--60);margin-bottom:var(--wp--preset--spacing--60)\"\/>\n\n\n\n<div data-aos= \"fade-up\" data-aos-duration=\"400\" data-aos-delay=\"0\" data-aos-easing=\"ease\" data-aos-once=\"true\" class=\"wp-block-uagb-container uagb-block-28ccbfcf alignfull uagb-is-root-container\"><div class=\"uagb-container__shape uagb-container__shape-top\"><svg xmlns=\"https:\/\/www.w3.org\/2000\/svg\" viewBox=\"0 0 700 10\" preserveAspectRatio=\"none\"><path class=\"uagb-container__shape-fill\" d=\"M350,10L340,0h20L350,10z\"><\/path><\/svg><\/div><div class=\"uagb-container-inner-blocks-wrap\">\n<div class=\"wp-block-uagb-advanced-heading uagb-block-038b5cdf\"><h2 class=\"uagb-heading-text\">M\u00fasica de DPR<\/h2><\/div>\n\n\n\n<p class=\"has-text-align-center has-small-font-size\" style=\"font-style:italic;font-weight:300;line-height:1.6\">Un lenguaje sin fronteras. Un universo sonoro.<\/p>\n\n\n\n<p class=\"has-text-align-center has-small-font-size\" style=\"line-height:1.6\">En DPR, la m\u00fasica es el coraz\u00f3n que impulsa cada proyecto. No hacemos solo canciones: contamos historias, provocamos emociones y construimos atm\u00f3sferas. Cada lanzamiento es una obra multidimensional, pensada para ser vivida, no solo escuchada.<\/p>\n<\/div><\/div>\n\n\n\n<hr class=\"wp-block-separator has-text-color has-zeever-third-color has-alpha-channel-opacity has-zeever-third-background-color has-background is-style-dots\" style=\"margin-top:var(--wp--preset--spacing--60);margin-bottom:var(--wp--preset--spacing--60)\"\/>\n\n\n\n<div class=\"wp-block-group has-white-background-color has-background is-layout-constrained wp-container-core-group-is-layout-eab2946b wp-block-group-is-layout-constrained\" style=\"margin-top:0;margin-bottom:0;padding-top:var(--wp--preset--spacing--40);padding-right:0;padding-bottom:var(--wp--preset--spacing--40);padding-left:0\">\n<hr class=\"wp-block-separator has-text-color has-zeever-primary-color has-alpha-channel-opacity has-zeever-primary-background-color has-background is-style-dots\" style=\"margin-top:var(--wp--preset--spacing--50);margin-bottom:var(--wp--preset--spacing--50)\"\/>\n\n\n\n<div class=\"wp-block-columns is-layout-flex wp-container-core-columns-is-layout-28f84493 wp-block-columns-is-layout-flex\">\n<div class=\"wp-block-column is-layout-flow wp-block-column-is-layout-flow\">\n<div data-aos= \"fade-down\" data-aos-duration=\"400\" data-aos-delay=\"0\" data-aos-easing=\"ease\" data-aos-once=\"true\" class=\"wp-block-uagb-advanced-heading uagb-block-1e342479\"><h2 class=\"uagb-heading-text\">Lanzamientos destacados<\/h2><p class=\"uagb-desc-text\">Momentos que marcaron nuestra historia visual y sonora.<\/p><\/div>\n\n\n\n<hr class=\"wp-block-separator has-text-color has-zeever-primary-color has-alpha-channel-opacity has-zeever-primary-background-color has-background is-style-dots\" style=\"margin-top:0;margin-bottom:0\"\/>\n<\/div>\n<\/div>\n\n\n\n<div class=\"wp-block-uagb-container uagb-block-6c794461 alignfull uagb-is-root-container\"><div class=\"uagb-container-inner-blocks-wrap\">\n<div class=\"wp-block-uagb-container uagb-block-87323197\">\n<div data-aos= \"fade-down\" data-aos-duration=\"400\" data-aos-delay=\"0\" data-aos-easing=\"ease\" data-aos-once=\"true\" class=\"wp-block-uagb-container uagb-block-e1c4b2fc\">\n<div data-aos= \"fade-down\" data-aos-duration=\"400\" data-aos-delay=\"0\" data-aos-easing=\"ease\" data-aos-once=\"true\" class=\"wp-block-uagb-image uagb-block-03e58160 wp-block-uagb-image--layout-default wp-block-uagb-image--effect-grayscale wp-block-uagb-image--align-none\"><figure class=\"wp-block-uagb-image__figure\"><a class=\"\" href=\"https:\/\/www.youtube.com\/watch?v=Jg9NbDizoPM\" target=\"\" rel=\"noopener\"><img decoding=\"async\" srcset=\"https:\/\/etzem.cl\/wp-content\/uploads\/2025\/06\/jasmine-1024x1024.jpg ,https:\/\/etzem.cl\/wp-content\/uploads\/2025\/06\/jasmine.jpg 780w, https:\/\/etzem.cl\/wp-content\/uploads\/2025\/06\/jasmine.jpg 360w\" sizes=\"auto, (max-width: 480px) 150px\" src=\"https:\/\/etzem.cl\/wp-content\/uploads\/2025\/06\/jasmine-1024x1024.jpg\" alt=\"\" class=\"uag-image-423\" width=\"546\" height=\"546\" title=\"\" loading=\"lazy\" role=\"presentation\"\/><\/a><figcaption class=\"uagb-image-caption\"><strong>DPR LIVE \u2013 <em>Jasmine<\/em><\/strong> (2018)<\/figcaption><\/figure><\/div>\n<\/div>\n\n\n\n<div class=\"wp-block-uagb-container uagb-block-cb520a5d\">\n<div data-aos= \"fade-down\" data-aos-duration=\"400\" data-aos-delay=\"0\" data-aos-easing=\"ease\" data-aos-once=\"true\" class=\"wp-block-uagb-image uagb-block-52e5e8fb wp-block-uagb-image--layout-default wp-block-uagb-image--effect-grayscale wp-block-uagb-image--align-none\"><figure class=\"wp-block-uagb-image__figure\"><a class=\"\" href=\"https:\/\/www.youtube.com\/watch?v=8o70cUTIKoI\" target=\"\" rel=\"noopener\"><img decoding=\"async\" srcset=\"https:\/\/etzem.cl\/wp-content\/uploads\/2025\/06\/legacy.jpeg ,https:\/\/etzem.cl\/wp-content\/uploads\/2025\/06\/legacy.jpeg 780w, https:\/\/etzem.cl\/wp-content\/uploads\/2025\/06\/legacy.jpeg 360w\" sizes=\"auto, (max-width: 480px) 150px\" src=\"https:\/\/etzem.cl\/wp-content\/uploads\/2025\/06\/legacy.jpeg\" alt=\"\" class=\"uag-image-342\" width=\"640\" height=\"640\" title=\"legacy\" loading=\"lazy\" role=\"img\"\/><\/a><figcaption class=\"uagb-image-caption\"><strong>DPR LIVE \u2013 <em>Is Anybody Out There?<\/em><\/strong> (2020)<\/figcaption><\/figure><\/div>\n<\/div>\n<\/div>\n\n\n\n<div class=\"wp-block-uagb-container uagb-block-5e86527f\">\n<div class=\"wp-block-uagb-container uagb-block-e932f1b1\">\n<div data-aos= \"fade-down\" data-aos-duration=\"400\" data-aos-delay=\"0\" data-aos-easing=\"ease\" data-aos-once=\"true\" class=\"wp-block-uagb-image uagb-block-8f23f60b wp-block-uagb-image--layout-default wp-block-uagb-image--effect-grayscale wp-block-uagb-image--align-none\"><figure class=\"wp-block-uagb-image__figure\"><a class=\"\" href=\"https:\/\/www.youtube.com\/watch?v=EoYs-QEhgkc&amp;list=PLUH8NZ6soJj-87g9BhjJJbFfJ6ydXNiG8&amp;index=5\" target=\"\" rel=\"noopener\"><img decoding=\"async\" srcset=\"https:\/\/etzem.cl\/wp-content\/uploads\/2025\/06\/beuti.jpeg ,https:\/\/etzem.cl\/wp-content\/uploads\/2025\/06\/beuti.jpeg 780w, https:\/\/etzem.cl\/wp-content\/uploads\/2025\/06\/beuti.jpeg 360w\" sizes=\"auto, (max-width: 480px) 150px\" src=\"https:\/\/etzem.cl\/wp-content\/uploads\/2025\/06\/beuti.jpeg\" alt=\"\" class=\"uag-image-518\" width=\"360\" height=\"360\" title=\"beuti\" loading=\"lazy\" role=\"img\"\/><\/a><figcaption class=\"uagb-image-caption\">DPR IAN \u2013 <em>So Beutiful (2020)<\/em><\/figcaption><\/figure><\/div>\n<\/div>\n\n\n\n<div class=\"wp-block-uagb-container uagb-block-1d436a65\">\n<div data-aos= \"fade-down\" data-aos-duration=\"400\" data-aos-delay=\"0\" data-aos-easing=\"ease\" data-aos-once=\"true\" class=\"wp-block-uagb-image uagb-block-f1377066 wp-block-uagb-image--layout-default wp-block-uagb-image--effect-grayscale wp-block-uagb-image--align-none\"><figure class=\"wp-block-uagb-image__figure\"><a class=\"\" href=\"https:\/\/www.youtube.com\/watch?v=5atLlEdvjV0\" target=\"\" rel=\"noopener\"><img decoding=\"async\" srcset=\"https:\/\/etzem.cl\/wp-content\/uploads\/2025\/06\/ab67616d0000b273d6bbf130e28f243ceee086db-1.jpeg ,https:\/\/etzem.cl\/wp-content\/uploads\/2025\/06\/ab67616d0000b273d6bbf130e28f243ceee086db-1.jpeg 780w, https:\/\/etzem.cl\/wp-content\/uploads\/2025\/06\/ab67616d0000b273d6bbf130e28f243ceee086db-1.jpeg 360w\" sizes=\"auto, (max-width: 480px) 150px\" src=\"https:\/\/etzem.cl\/wp-content\/uploads\/2025\/06\/ab67616d0000b273d6bbf130e28f243ceee086db-1.jpeg\" alt=\"\" class=\"uag-image-504\" width=\"640\" height=\"640\" title=\"ab67616d0000b273d6bbf130e28f243ceee086db\" loading=\"lazy\" role=\"img\"\/><\/a><figcaption class=\"uagb-image-caption\"><strong>DPR Cream \u2013 \u201cColor Drive\u201d<\/strong> (2022) <\/figcaption><\/figure><\/div>\n<\/div>\n\n\n\n<div class=\"wp-block-uagb-container uagb-block-9ac95d73\">\n<div data-aos= \"fade-down\" data-aos-duration=\"400\" data-aos-delay=\"0\" data-aos-easing=\"ease\" data-aos-once=\"true\" class=\"wp-block-uagb-image uagb-block-d1c872af wp-block-uagb-image--layout-default wp-block-uagb-image--effect-grayscale wp-block-uagb-image--align-none\"><figure class=\"wp-block-uagb-image__figure\"><a class=\"\" href=\"https:\/\/www.youtube.com\/watch?v=pCBgcBXxCsI\" target=\"\" rel=\"noopener\"><img decoding=\"async\" srcset=\"https:\/\/etzem.cl\/wp-content\/uploads\/2025\/05\/ian.jpg ,https:\/\/etzem.cl\/wp-content\/uploads\/2025\/05\/ian.jpg 780w, https:\/\/etzem.cl\/wp-content\/uploads\/2025\/05\/ian.jpg 360w\" sizes=\"auto, (max-width: 480px) 150px\" src=\"https:\/\/etzem.cl\/wp-content\/uploads\/2025\/05\/ian.jpg\" alt=\"\" class=\"uag-image-15\" width=\"640\" height=\"640\" title=\"ian\" loading=\"lazy\" role=\"img\"\/><\/a><figcaption class=\"uagb-image-caption\"><strong>DPR IAN \u2013 <em>Peanut Butter &amp; Tears<\/em><\/strong> (2023)<\/figcaption><\/figure><\/div>\n<\/div>\n<\/div>\n<\/div><\/div>\n<\/div>\n\n\n\n<hr class=\"wp-block-separator has-text-color has-zeever-third-color has-alpha-channel-opacity has-zeever-third-background-color has-background is-style-wide\" style=\"margin-top:var(--wp--preset--spacing--80);margin-bottom:var(--wp--preset--spacing--80)\"\/>\n\n\n\n<div class=\"wp-block-uagb-container uagb-block-3bfe7eb3 alignfull uagb-is-root-container\"><div class=\"uagb-container-inner-blocks-wrap\"><div class=\"alignfull wp-block-b-blocks-team-section\" id='bBlocksTeamSection-1' data-attributes='{&quot;team&quot;:{&quot;heading&quot;:{&quot;title&quot;:&quot;Miembros Clave de DPR&quot;,&quot;subtitle&quot;:&quot;&quot;,&quot;icon&quot;:&quot;&lt;svg xmlns=\\&quot;http:\\\/\\\/www.w3.org\\\/2000\\\/svg\\&quot; width=\\&quot;1em\\&quot; height=\\&quot;1em\\&quot; viewBox=\\&quot;0 0 24 24\\&quot;&gt;&lt;path fill=\\&quot;currentColor\\&quot; d=\\&quot;M10.313 16.094a1 1 0 0 1-.708-.293l-2.812-2.813a1 1 0 0 1 1.414-1.414l2.105 2.106l5.481-5.48a1 1 0 0 1 1.414 1.413l-6.188 6.188a1 1 0 0 1-.707.293Z\\&quot; opacity=\\&quot;.99\\&quot;&gt;&lt;\\\/path&gt;&lt;path fill=\\&quot;currentColor\\&quot; d=\\&quot;M12 2a10 10 0 1 0 10 10A10.01 10.01 0 0 0 12 2m5.207 7.613l-6.188 6.188a1 1 0 0 1-1.414 0l-2.812-2.813a1 1 0 0 1 1.414-1.414l2.105 2.106l5.481-5.48a1 1 0 0 1 1.414 1.413\\&quot; opacity=\\&quot;.5\\&quot;&gt;&lt;\\\/path&gt;&lt;\\\/svg&gt;&quot;},&quot;isOpenNewTab&quot;:false,&quot;items&quot;:[{&quot;name&quot;:&quot;DPR LIVE&quot;,&quot;role&quot;:&quot;Rapero y compositor&quot;,&quot;image&quot;:&quot;https:\\\/\\\/etzem.cl\\\/wp-content\\\/uploads\\\/2025\\\/06\\\/live.jpeg&quot;,&quot;portfoloLink&quot;:&quot;&quot;,&quot;isOpenNewTab&quot;:false,&quot;icon&quot;:&quot;&lt;svg xmlns=\\&quot;http:\\\/\\\/www.w3.org\\\/2000\\\/svg\\&quot; viewBox=\\&quot;0 0 24 24\\&quot;&gt;&lt;path fill=\\&quot;none\\&quot; stroke=\\&quot;currentColor\\&quot; d=\\&quot;M16 5c0 .742.733 1.85 1.475 2.78c.954 1.2 2.094 2.247 3.401 3.046C21.856 11.425 23.044 12 24 12m0 0c-.956 0-2.145.575-3.124 1.174c-1.307.8-2.447 1.847-3.401 3.045C16.733 17.15 16 18.26 16 19m8-7H0\\&quot;&gt;&lt;\\\/path&gt;&lt;\\\/svg&gt;&quot;},{&quot;name&quot;:&quot;DPR IAN&quot;,&quot;role&quot;:&quot;Director creativo y m\\u00fasico.&quot;,&quot;image&quot;:&quot;https:\\\/\\\/etzem.cl\\\/wp-content\\\/uploads\\\/2025\\\/06\\\/ian.jpeg&quot;,&quot;portfoloLink&quot;:&quot;https:\\\/\\\/&quot;,&quot;isOpenNewTab&quot;:false,&quot;icon&quot;:&quot;&lt;svg xmlns=\\&quot;http:\\\/\\\/www.w3.org\\\/2000\\\/svg\\&quot; viewBox=\\&quot;0 0 24 24\\&quot;&gt;&lt;path fill=\\&quot;none\\&quot; stroke=\\&quot;currentColor\\&quot; d=\\&quot;M16 5c0 .742.733 1.85 1.475 2.78c.954 1.2 2.094 2.247 3.401 3.046C21.856 11.425 23.044 12 24 12m0 0c-.956 0-2.145.575-3.124 1.174c-1.307.8-2.447 1.847-3.401 3.045C16.733 17.15 16 18.26 16 19m8-7H0\\&quot;&gt;&lt;\\\/path&gt;&lt;\\\/svg&gt;&quot;},{&quot;name&quot;:&quot;DPR CREAM&quot;,&quot;role&quot;:&quot;Productor y m\\u00fasico.&quot;,&quot;image&quot;:&quot;https:\\\/\\\/etzem.cl\\\/wp-content\\\/uploads\\\/2025\\\/06\\\/cream.jpg&quot;,&quot;portfoloLink&quot;:&quot;https:\\\/\\\/&quot;,&quot;isOpenNewTab&quot;:false,&quot;icon&quot;:&quot;&lt;svg xmlns=\\&quot;http:\\\/\\\/www.w3.org\\\/2000\\\/svg\\&quot; viewBox=\\&quot;0 0 24 24\\&quot;&gt;&lt;path fill=\\&quot;none\\&quot; stroke=\\&quot;currentColor\\&quot; d=\\&quot;M16 5c0 .742.733 1.85 1.475 2.78c.954 1.2 2.094 2.247 3.401 3.046C21.856 11.425 23.044 12 24 12m0 0c-.956 0-2.145.575-3.124 1.174c-1.307.8-2.447 1.847-3.401 3.045C16.733 17.15 16 18.26 16 19m8-7H0\\&quot;&gt;&lt;\\\/path&gt;&lt;\\\/svg&gt;&quot;},{&quot;name&quot;:&quot;&lt;strong&gt;DPR ARTIC&lt;\\\/strong&gt;&quot;,&quot;role&quot;:&quot;DJ y productor.&quot;,&quot;image&quot;:&quot;https:\\\/\\\/etzem.cl\\\/wp-content\\\/uploads\\\/2025\\\/06\\\/artic-1.jpg&quot;,&quot;portfoloLink&quot;:&quot;https:\\\/\\\/&quot;,&quot;isOpenNewTab&quot;:false,&quot;icon&quot;:&quot;&lt;svg xmlns=\\&quot;http:\\\/\\\/www.w3.org\\\/2000\\\/svg\\&quot; viewBox=\\&quot;0 0 24 24\\&quot;&gt;&lt;path fill=\\&quot;none\\&quot; stroke=\\&quot;currentColor\\&quot; d=\\&quot;M16 5c0 .742.733 1.85 1.475 2.78c.954 1.2 2.094 2.247 3.401 3.046C21.856 11.425 23.044 12 24 12m0 0c-.956 0-2.145.575-3.124 1.174c-1.307.8-2.447 1.847-3.401 3.045C16.733 17.15 16 18.26 16 19m8-7H0\\&quot;&gt;&lt;\\\/path&gt;&lt;\\\/svg&gt;&quot;}]},&quot;styles&quot;:{&quot;heading&quot;:{&quot;badge&quot;:{&quot;typography&quot;:{&quot;fontSize&quot;:{&quot;desktop&quot;:14,&quot;tablet&quot;:14,&quot;mobile&quot;:14},&quot;lineHeight&quot;:&quot;1.715&quot;},&quot;bgColor&quot;:{&quot;normal&quot;:{&quot;color&quot;:&quot;rgba(0, 0, 0, 1)&quot;,&quot;bg&quot;:&quot;rgba(0, 0, 0, 1)&quot;},&quot;hover&quot;:{&quot;color&quot;:&quot;rgba(0, 0, 0, 1)&quot;,&quot;bg&quot;:&quot;rgba(0, 0, 0, 1)&quot;}},&quot;border&quot;:{&quot;width&quot;:&quot;1px&quot;},&quot;borderRadius&quot;:{&quot;top&quot;:&quot;0.25rem&quot;,&quot;right&quot;:&quot;0.25rem&quot;,&quot;bottom&quot;:&quot;0.25rem&quot;,&quot;left&quot;:&quot;0.25rem&quot;},&quot;margin&quot;:{&quot;top&quot;:&quot;0rem&quot;,&quot;right&quot;:&quot;0rem&quot;,&quot;bottom&quot;:&quot;1rem&quot;,&quot;left&quot;:&quot;0rem&quot;},&quot;padding&quot;:{&quot;top&quot;:&quot;4px&quot;,&quot;right&quot;:&quot;16px&quot;,&quot;bottom&quot;:&quot;4px&quot;,&quot;left&quot;:&quot;16px&quot;},&quot;icon&quot;:{&quot;size&quot;:{&quot;desktop&quot;:20,&quot;tablet&quot;:16.059999999999998721023075631819665431976318359375,&quot;mobile&quot;:16},&quot;color&quot;:&quot;rgba(0, 0, 0, 1)&quot;},&quot;badgeIconGap&quot;:{&quot;desktop&quot;:0,&quot;tablet&quot;:0,&quot;mobile&quot;:0}},&quot;title&quot;:{&quot;typography&quot;:{&quot;fontSize&quot;:{&quot;desktop&quot;:48,&quot;tablet&quot;:28.800000000000000710542735760100185871124267578125,&quot;mobile&quot;:28.800000000000000710542735760100185871124267578125},&quot;fontWeight&quot;:700,&quot;lineHeight&quot;:1.1999999999999999555910790149937383830547332763671875},&quot;color&quot;:&quot;rgba(255, 255, 255, 1)&quot;,&quot;margin&quot;:{&quot;top&quot;:&quot;0rem&quot;,&quot;right&quot;:&quot;0rem&quot;,&quot;bottom&quot;:&quot;0.5rem&quot;,&quot;left&quot;:&quot;0rem&quot;}}},&quot;items&quot;:{&quot;name&quot;:{&quot;typography&quot;:{&quot;fontSize&quot;:{&quot;desktop&quot;:18,&quot;tablet&quot;:18,&quot;mobile&quot;:18},&quot;lineHeight&quot;:1.334000000000000074606987254810519516468048095703125,&quot;fontWeight&quot;:700},&quot;textColor&quot;:{&quot;normal&quot;:{&quot;color&quot;:&quot;rgba(255, 255, 255, 1)&quot;},&quot;hover&quot;:{&quot;color&quot;:&quot;#66FCF1&quot;}},&quot;margin&quot;:{&quot;top&quot;:&quot;0rem&quot;,&quot;right&quot;:&quot;0rem&quot;,&quot;bottom&quot;:&quot;0.5rem&quot;,&quot;left&quot;:&quot;0rem&quot;}},&quot;role&quot;:{&quot;typography&quot;:{&quot;fontSize&quot;:{&quot;desktop&quot;:14,&quot;tablet&quot;:14,&quot;mobile&quot;:14},&quot;lineHeight&quot;:1.7150000000000000799360577730112709105014801025390625},&quot;color&quot;:&quot;#66FCF1&quot;,&quot;margin&quot;:{&quot;top&quot;:&quot;0rem&quot;,&quot;right&quot;:&quot;0rem&quot;,&quot;bottom&quot;:&quot;0.5rem&quot;,&quot;left&quot;:&quot;0rem&quot;}},&quot;linkArrowIcon&quot;:{&quot;size&quot;:{&quot;desktop&quot;:89,&quot;tablet&quot;:14,&quot;mobile&quot;:14},&quot;iconContainerSize&quot;:{&quot;desktop&quot;:35,&quot;tablet&quot;:32,&quot;mobile&quot;:32},&quot;bgColor&quot;:{&quot;normal&quot;:{&quot;color&quot;:&quot;rgba(51, 51, 51, 0)&quot;,&quot;bg&quot;:&quot;rgba(20, 8, 51, 0)&quot;},&quot;hover&quot;:{&quot;color&quot;:&quot;rgba(255, 255, 255, 0)&quot;,&quot;bg&quot;:&quot;rgba(98, 41, 255, 0)&quot;}},&quot;border&quot;:{&quot;color&quot;:&quot;#232323&quot;,&quot;width&quot;:&quot;1px&quot;},&quot;borderRadius&quot;:{&quot;top&quot;:&quot;50%&quot;,&quot;right&quot;:&quot;50%&quot;,&quot;bottom&quot;:&quot;50%&quot;,&quot;left&quot;:&quot;50%&quot;},&quot;padding&quot;:{&quot;top&quot;:&quot;0.25rem&quot;,&quot;right&quot;:&quot;1rem&quot;,&quot;bottom&quot;:&quot;0.25rem&quot;,&quot;left&quot;:&quot;1rem&quot;},&quot;margin&quot;:{&quot;top&quot;:&quot;0rem&quot;,&quot;right&quot;:&quot;0rem&quot;,&quot;bottom&quot;:&quot;0.5rem&quot;,&quot;left&quot;:&quot;0rem&quot;}},&quot;infoBox&quot;:{&quot;bgColor&quot;:&quot;rgba(34, 34, 34, 1)&quot;,&quot;borderRadius&quot;:{&quot;top&quot;:&quot;0.5rem&quot;,&quot;right&quot;:&quot;0.5rem&quot;,&quot;bottom&quot;:&quot;0.5rem&quot;,&quot;left&quot;:&quot;0.5rem&quot;}},&quot;alignItems&quot;:&quot;center&quot;,&quot;image&quot;:{&quot;borderRadius&quot;:{&quot;top&quot;:&quot;0.5rem&quot;,&quot;right&quot;:&quot;0.5rem&quot;,&quot;bottom&quot;:&quot;0.5rem&quot;,&quot;left&quot;:&quot;0.5rem&quot;}}},&quot;container&quot;:{&quot;bgColor&quot;:&quot;rgba(0, 0, 0, 1)&quot;,&quot;padding&quot;:{&quot;top&quot;:&quot;2rem&quot;,&quot;right&quot;:&quot;0rem&quot;,&quot;bottom&quot;:&quot;2rem&quot;,&quot;left&quot;:&quot;0rem&quot;},&quot;borderRadius&quot;:{&quot;top&quot;:&quot;0.5rem&quot;,&quot;right&quot;:&quot;0.5rem&quot;,&quot;bottom&quot;:&quot;0.5rem&quot;,&quot;left&quot;:&quot;0.5rem&quot;},&quot;margin&quot;:{&quot;top&quot;:&quot;0rem&quot;,&quot;right&quot;:&quot;0rem&quot;,&quot;bottom&quot;:&quot;0rem&quot;,&quot;left&quot;:&quot;0rem&quot;}}},&quot;alignment&quot;:&quot;center&quot;,&quot;styleSl&quot;:&quot;styleDefault&quot;,&quot;align&quot;:&quot;full&quot;}'><\/div><\/div><\/div>\n\n\n\n<hr class=\"wp-block-separator has-text-color has-zeever-third-color has-alpha-channel-opacity has-zeever-third-background-color has-background is-style-wide\" style=\"margin-top:var(--wp--preset--spacing--80);margin-bottom:var(--wp--preset--spacing--80)\"\/>\n\n\n\n<div data-aos= \"fade-right\" data-aos-duration=\"400\" data-aos-delay=\"0\" data-aos-easing=\"ease\" data-aos-once=\"true\" class=\"wp-block-uagb-container uagb-block-e5936601 alignfull uagb-is-root-container\"><div class=\"uagb-container-inner-blocks-wrap\">\n<div class=\"wp-block-uagb-call-to-action uagb-block-1ca8b81e wp-block-button\"><div class=\"uagb-cta__wrap\"><h3 class=\"uagb-cta__title\">Sum\u00e9rgete en el universo DPR<\/h3><p class=\"uagb-cta__desc\">No solo escuches. Mira. Siente. Participa.<br>Cada proyecto tiene su experiencia visual interactiva. Muy pronto en esta p\u00e1gina.<\/p><\/div><div class=\"uagb-cta__buttons\"><a href=\"#\" class=\"uagb-cta__button-link-wrapper wp-block-button__link\" target=\"_blank\" rel=\"noopener noreferrer\">\u201cComing Soon\u201d<\/a><\/div><\/div>\n<\/div><\/div>\n\n\n\n<hr class=\"wp-block-separator has-text-color has-zeever-third-color has-alpha-channel-opacity has-zeever-third-background-color has-background is-style-wide\" style=\"margin-top:var(--wp--preset--spacing--80);margin-bottom:var(--wp--preset--spacing--80)\"\/>\n","protected":false},"excerpt":{"rendered":"<p>M\u00fasica de DPR Un lenguaje sin fronteras. Un universo sonoro. En DPR, la m\u00fasica es el coraz\u00f3n que impulsa cada proyecto. No hacemos solo canciones: contamos historias, provocamos emociones y construimos atm\u00f3sferas. Cada lanzamiento es una obra multidimensional, pensada para ser vivida, no solo escuchada. Lanzamientos destacados Momentos que marcaron nuestra historia visual y sonora.<\/p>\n","protected":false},"author":1,"featured_media":0,"parent":0,"menu_order":0,"comment_status":"closed","ping_status":"open","template":"","meta":{"_uag_custom_page_level_css":"","footnotes":""},"class_list":["post-2","page","type-page","status-publish","hentry"],"uagb_featured_image_src":{"full":false,"thumbnail":false,"medium":false,"medium_large":false,"large":false,"1536x1536":false,"2048x2048":false},"uagb_author_info":{"display_name":"admin","author_link":"https:\/\/etzem.cl\/index.php\/author\/admin_1\/"},"uagb_comment_info":0,"uagb_excerpt":"M\u00fasica de DPR Un lenguaje sin fronteras. Un universo sonoro. En DPR, la m\u00fasica es el coraz\u00f3n que impulsa cada proyecto. No hacemos solo canciones: contamos historias, provocamos emociones y construimos atm\u00f3sferas. Cada lanzamiento es una obra multidimensional, pensada para ser vivida, no solo escuchada. Lanzamientos destacados Momentos que marcaron nuestra historia visual y sonora.","_links":{"self":[{"href":"https:\/\/etzem.cl\/index.php\/wp-json\/wp\/v2\/pages\/2","targetHints":{"allow":["GET"]}}],"collection":[{"href":"https:\/\/etzem.cl\/index.php\/wp-json\/wp\/v2\/pages"}],"about":[{"href":"https:\/\/etzem.cl\/index.php\/wp-json\/wp\/v2\/types\/page"}],"author":[{"embeddable":true,"href":"https:\/\/etzem.cl\/index.php\/wp-json\/wp\/v2\/users\/1"}],"replies":[{"embeddable":true,"href":"https:\/\/etzem.cl\/index.php\/wp-json\/wp\/v2\/comments?post=2"}],"version-history":[{"count":78,"href":"https:\/\/etzem.cl\/index.php\/wp-json\/wp\/v2\/pages\/2\/revisions"}],"predecessor-version":[{"id":534,"href":"https:\/\/etzem.cl\/index.php\/wp-json\/wp\/v2\/pages\/2\/revisions\/534"}],"wp:attachment":[{"href":"https:\/\/etzem.cl\/index.php\/wp-json\/wp\/v2\/media?parent=2"}],"curies":[{"name":"wp","href":"https:\/\/api.w.org\/{rel}","templated":true}]}}