{"id":31,"date":"2025-06-04T00:36:15","date_gmt":"2025-06-04T00:36:15","guid":{"rendered":"https:\/\/etzem.cl\/?page_id=31"},"modified":"2025-06-13T09:41:09","modified_gmt":"2025-06-13T09:41:09","slug":"sobre-dpr","status":"publish","type":"page","link":"https:\/\/etzem.cl\/index.php\/sobre-dpr\/","title":{"rendered":"Sobre DPR"},"content":{"rendered":"\n<div class=\"wp-block-cover alignfull is-light has-parallax\"><div class=\"wp-block-cover__image-background wp-image-343 size-full has-parallax\" style=\"background-position:50% 50%;background-image:url(https:\/\/etzem.cl\/wp-content\/uploads\/2025\/06\/archive.jpeg)\"><\/div><span aria-hidden=\"true\" class=\"wp-block-cover__background has-background-dim-30 has-background-dim\"><\/span><div class=\"wp-block-cover__inner-container is-layout-flow wp-block-cover-is-layout-flow\">\n<div class=\"wp-block-uagb-advanced-heading uagb-block-6cd97e5a\"><h2 class=\"uagb-heading-text\">Sobre DPR<\/h2><\/div>\n<\/div><\/div>\n\n\n\n<div class=\"wp-block-media-text alignwide is-stacked-on-mobile is-vertically-aligned-center has-white-background-color has-background\"><figure class=\"wp-block-media-text__media\"><img loading=\"lazy\" decoding=\"async\" width=\"1024\" height=\"1024\" src=\"https:\/\/etzem.cl\/wp-content\/uploads\/2025\/05\/drp-1024x1024.jpg\" alt=\"\" class=\"wp-image-11 size-full\" srcset=\"https:\/\/etzem.cl\/wp-content\/uploads\/2025\/05\/drp-1024x1024.jpg 1024w, https:\/\/etzem.cl\/wp-content\/uploads\/2025\/05\/drp-300x300.jpg 300w, https:\/\/etzem.cl\/wp-content\/uploads\/2025\/05\/drp-150x150.jpg 150w, https:\/\/etzem.cl\/wp-content\/uploads\/2025\/05\/drp-768x768.jpg 768w, https:\/\/etzem.cl\/wp-content\/uploads\/2025\/05\/drp.jpg 1080w\" sizes=\"auto, (max-width: 1024px) 100vw, 1024px\" \/><\/figure><div class=\"wp-block-media-text__content\">\n<div class=\"wp-block-group is-layout-flow wp-block-group-is-layout-flow\" style=\"padding-top:2em;padding-right:2em;padding-bottom:2em;padding-left:2em\">\n<p class=\"has-black-color has-text-color has-link-color wp-elements-5428761d74d97cc5213355ff17a7edf9\" style=\"font-size:36px;line-height:1.2\"><strong>M\u00e1s que un colectivo, un universo creativo.<\/strong><\/p>\n\n\n\n<p class=\"has-zeever-bgsoft-color has-text-color has-link-color has-extra-small-font-size wp-elements-cf48c01d581df6779d780d952abab3ad\">DPR (Dream Perfect Regime) es un colectivo independiente de producci\u00f3n visual y musical con base en Se\u00fal, Corea del Sur, pero con visi\u00f3n global. Fundado por un grupo de artistas multidisciplinarios \u2014incluyendo m\u00fasicos, directores, productores y dise\u00f1adores\u2014 DPR se ha posicionado como un s\u00edmbolo de innovaci\u00f3n en la industria del entretenimiento.<\/p>\n<\/div>\n<\/div><\/div>\n\n\n\n<div class=\"wp-block-media-text alignwide has-media-on-the-right is-stacked-on-mobile is-vertically-aligned-center has-black-background-color has-background\"><div class=\"wp-block-media-text__content\">\n<div class=\"wp-block-group is-layout-flow wp-block-group-is-layout-flow\" style=\"padding-top:2em;padding-right:2em;padding-bottom:2em;padding-left:2em\">\n<p style=\"font-size:36px;line-height:1.2\"><strong>\u00bfQu\u00e9 hace \u00fanico a DPR?<\/strong><\/p>\n\n\n\n<p class=\"has-extra-small-font-size\"><strong>Autonom\u00eda total:<\/strong> Dirigen, producen y editan todos sus contenidos de forma independiente.<\/p>\n\n\n\n<p><strong>Est\u00e9tica cinematogr\u00e1fica:<\/strong> Sus videoclips son piezas visuales de alto nivel narrativo y t\u00e9cnico.<\/p>\n\n\n\n<p><strong>Narrativas con prop\u00f3sito:<\/strong> Todo lo que publican tiene un trasfondo emocional, filos\u00f3fico o art\u00edstico.<\/p>\n\n\n\n<p class=\"has-extra-small-font-size\"><strong>Conexi\u00f3n global:<\/strong> Aunque nacidos en Corea del Sur, su estilo y mensaje trascienden culturas.<\/p>\n<\/div>\n<\/div><figure class=\"wp-block-media-text__media\"><img loading=\"lazy\" decoding=\"async\" width=\"1017\" height=\"1024\" src=\"https:\/\/etzem.cl\/wp-content\/uploads\/2025\/06\/img-1-1017x1024.jpg\" alt=\"\" class=\"wp-image-241 size-full\" srcset=\"https:\/\/etzem.cl\/wp-content\/uploads\/2025\/06\/img-1-1017x1024.jpg 1017w, https:\/\/etzem.cl\/wp-content\/uploads\/2025\/06\/img-1-298x300.jpg 298w, https:\/\/etzem.cl\/wp-content\/uploads\/2025\/06\/img-1-150x150.jpg 150w, https:\/\/etzem.cl\/wp-content\/uploads\/2025\/06\/img-1-768x773.jpg 768w, https:\/\/etzem.cl\/wp-content\/uploads\/2025\/06\/img-1.jpg 1440w\" sizes=\"auto, (max-width: 1017px) 100vw, 1017px\" \/><\/figure><\/div>\n\n\n\n<div class=\"wp-block-group has-black-background-color has-background is-layout-constrained wp-container-core-group-is-layout-22177b6a wp-block-group-is-layout-constrained\" style=\"padding-top:100px;padding-bottom:100px\">\n<div class=\"wp-block-uagb-advanced-heading uagb-block-43105f9f\"><h4 class=\"uagb-heading-text\">DPR no solo crea contenido, construye mundos.<br>Y t\u00fa puedes ser parte de ellos.<\/h4><\/div>\n\n\n\n<div class=\"wp-block-columns is-layout-flex wp-container-core-columns-is-layout-28f84493 wp-block-columns-is-layout-flex\">\n<div class=\"wp-block-column is-layout-flow wp-block-column-is-layout-flow\">\n<div class=\"wp-block-group is-layout-flow wp-block-group-is-layout-flow\" style=\"padding-top:40px\">\n<div class=\"wp-block-columns is-layout-flex wp-container-core-columns-is-layout-28f84493 wp-block-columns-is-layout-flex\">\n<div class=\"wp-block-column is-vertically-aligned-bottom is-layout-flow wp-block-column-is-layout-flow\">\n<div class=\"wp-block-cover is-light\" style=\"padding-left:20px;min-height:580px;aspect-ratio:unset;\"><img loading=\"lazy\" decoding=\"async\" width=\"1024\" height=\"1024\" class=\"wp-block-cover__image-background wp-image-11 size-large\" alt=\"\" src=\"https:\/\/etzem.cl\/wp-content\/uploads\/2025\/05\/drp-1024x1024.jpg\" data-object-fit=\"cover\" srcset=\"https:\/\/etzem.cl\/wp-content\/uploads\/2025\/05\/drp-1024x1024.jpg 1024w, https:\/\/etzem.cl\/wp-content\/uploads\/2025\/05\/drp-300x300.jpg 300w, https:\/\/etzem.cl\/wp-content\/uploads\/2025\/05\/drp-150x150.jpg 150w, https:\/\/etzem.cl\/wp-content\/uploads\/2025\/05\/drp-768x768.jpg 768w, https:\/\/etzem.cl\/wp-content\/uploads\/2025\/05\/drp.jpg 1080w\" sizes=\"auto, (max-width: 1024px) 100vw, 1024px\" \/><span aria-hidden=\"true\" class=\"wp-block-cover__background has-background-dim-30 has-background-dim\" style=\"background-color:#050505\"><\/span><div class=\"wp-block-cover__inner-container is-layout-flow wp-block-cover-is-layout-flow\">\n<div style=\"height:480px\" aria-hidden=\"true\" class=\"wp-block-spacer\"><\/div>\n\n\n\n<h2 class=\"wp-block-heading has-text-align-left zeever-animate zeever-move-up zeever-delay-1 has-zeever-primary-color has-text-color has-large-font-size\" style=\"font-style:normal;font-weight:600\">Equipo<\/h2>\n\n\n\n<p class=\"has-zeever-primary-color has-text-color has-tiny-font-size\"><strong>DPR<\/strong> es un colectivo surcoreano que fusiona m\u00fasica y visuales para crear experiencias art\u00edsticas \u00fanicas.<\/p>\n<\/div><\/div>\n<\/div>\n\n\n\n<div class=\"wp-block-column is-layout-flow wp-block-column-is-layout-flow\">\n<div class=\"wp-block-group is-layout-flow wp-block-group-is-layout-flow\">\n<div class=\"wp-block-columns is-layout-flex wp-container-core-columns-is-layout-28f84493 wp-block-columns-is-layout-flex\">\n<div class=\"wp-block-column is-layout-flow wp-block-column-is-layout-flow\">\n<div class=\"wp-block-cover\" style=\"min-height:280px;aspect-ratio:unset;\"><img loading=\"lazy\" decoding=\"async\" width=\"1280\" height=\"720\" class=\"wp-block-cover__image-background wp-image-464 size-full\" alt=\"\" src=\"https:\/\/etzem.cl\/wp-content\/uploads\/2025\/06\/estudio.jpg\" data-object-fit=\"cover\" srcset=\"https:\/\/etzem.cl\/wp-content\/uploads\/2025\/06\/estudio.jpg 1280w, https:\/\/etzem.cl\/wp-content\/uploads\/2025\/06\/estudio-300x169.jpg 300w, https:\/\/etzem.cl\/wp-content\/uploads\/2025\/06\/estudio-1024x576.jpg 1024w, https:\/\/etzem.cl\/wp-content\/uploads\/2025\/06\/estudio-768x432.jpg 768w\" sizes=\"auto, (max-width: 1280px) 100vw, 1280px\" \/><span aria-hidden=\"true\" class=\"wp-block-cover__background has-background-dim-30 has-background-dim\" style=\"background-color:#34281c\"><\/span><div class=\"wp-block-cover__inner-container is-layout-flow wp-block-cover-is-layout-flow\">\n<div style=\"height:140px\" aria-hidden=\"true\" class=\"wp-block-spacer\"><\/div>\n\n\n\n<h2 class=\"wp-block-heading has-text-align-left zeever-animate zeever-move-up zeever-delay-1 has-zeever-primary-color has-text-color has-large-font-size\" style=\"font-style:normal;font-weight:600\">M\u00fasica<\/h2>\n\n\n\n<p class=\"has-zeever-primary-color has-text-color has-tiny-font-size\">La m\u00fasica de DPR es una narrativa que se escucha, se ve y se siente.<\/p>\n<\/div><\/div>\n<\/div>\n<\/div>\n<\/div>\n\n\n\n<div class=\"wp-block-group is-layout-flow wp-block-group-is-layout-flow\" style=\"padding-top:20px\">\n<div class=\"wp-block-columns is-layout-flex wp-container-core-columns-is-layout-28f84493 wp-block-columns-is-layout-flex\">\n<div class=\"wp-block-column is-layout-flow wp-block-column-is-layout-flow\">\n<div class=\"wp-block-cover\" style=\"min-height:280px;aspect-ratio:unset;\"><img loading=\"lazy\" decoding=\"async\" width=\"736\" height=\"414\" class=\"wp-block-cover__image-background wp-image-564 size-full\" alt=\"\" src=\"https:\/\/etzem.cl\/wp-content\/uploads\/2025\/06\/f49b464d8f44fb4d48dcbd57db2a973b.jpg\" data-object-fit=\"cover\" srcset=\"https:\/\/etzem.cl\/wp-content\/uploads\/2025\/06\/f49b464d8f44fb4d48dcbd57db2a973b.jpg 736w, https:\/\/etzem.cl\/wp-content\/uploads\/2025\/06\/f49b464d8f44fb4d48dcbd57db2a973b-300x169.jpg 300w\" sizes=\"auto, (max-width: 736px) 100vw, 736px\" \/><span aria-hidden=\"true\" class=\"wp-block-cover__background has-background-dim-30 has-background-dim\" style=\"background-color:#2e544f\"><\/span><div class=\"wp-block-cover__inner-container is-layout-flow wp-block-cover-is-layout-flow\">\n<div style=\"height:140px\" aria-hidden=\"true\" class=\"wp-block-spacer\"><\/div>\n\n\n\n<h2 class=\"wp-block-heading has-text-align-left zeever-animate zeever-move-up zeever-delay-1 has-zeever-primary-color has-text-color has-large-font-size\" style=\"font-style:normal;font-weight:600\">Visual<\/h2>\n\n\n\n<p class=\"has-zeever-primary-color has-text-color has-tiny-font-size\">La propuesta visual de DPR transforma cada canci\u00f3n en una pel\u00edcula. La est\u00e9tica no acompa\u00f1a: <strong>cuenta la historia<\/strong>.<\/p>\n<\/div><\/div>\n<\/div>\n<\/div>\n<\/div>\n<\/div>\n<\/div>\n<\/div>\n<\/div>\n<\/div>\n<\/div>\n","protected":false},"excerpt":{"rendered":"<p>DPR no solo crea contenido, construye mundos.Y t\u00fa puedes ser parte de ellos.<\/p>\n","protected":false},"author":1,"featured_media":0,"parent":0,"menu_order":0,"comment_status":"closed","ping_status":"closed","template":"","meta":{"_uag_custom_page_level_css":"","footnotes":""},"class_list":["post-31","page","type-page","status-publish","hentry"],"uagb_featured_image_src":{"full":false,"thumbnail":false,"medium":false,"medium_large":false,"large":false,"1536x1536":false,"2048x2048":false},"uagb_author_info":{"display_name":"admin","author_link":"https:\/\/etzem.cl\/index.php\/author\/admin_1\/"},"uagb_comment_info":0,"uagb_excerpt":"DPR no solo crea contenido, construye mundos.Y t\u00fa puedes ser parte de ellos.","_links":{"self":[{"href":"https:\/\/etzem.cl\/index.php\/wp-json\/wp\/v2\/pages\/31","targetHints":{"allow":["GET"]}}],"collection":[{"href":"https:\/\/etzem.cl\/index.php\/wp-json\/wp\/v2\/pages"}],"about":[{"href":"https:\/\/etzem.cl\/index.php\/wp-json\/wp\/v2\/types\/page"}],"author":[{"embeddable":true,"href":"https:\/\/etzem.cl\/index.php\/wp-json\/wp\/v2\/users\/1"}],"replies":[{"embeddable":true,"href":"https:\/\/etzem.cl\/index.php\/wp-json\/wp\/v2\/comments?post=31"}],"version-history":[{"count":22,"href":"https:\/\/etzem.cl\/index.php\/wp-json\/wp\/v2\/pages\/31\/revisions"}],"predecessor-version":[{"id":695,"href":"https:\/\/etzem.cl\/index.php\/wp-json\/wp\/v2\/pages\/31\/revisions\/695"}],"wp:attachment":[{"href":"https:\/\/etzem.cl\/index.php\/wp-json\/wp\/v2\/media?parent=31"}],"curies":[{"name":"wp","href":"https:\/\/api.w.org\/{rel}","templated":true}]}}